{"id":3989,"date":"2023-01-08T23:26:57","date_gmt":"2023-01-08T22:26:57","guid":{"rendered":"https:\/\/tourtosicily.com\/condiciones-generales\/"},"modified":"2023-03-06T18:12:53","modified_gmt":"2023-03-06T17:12:53","slug":"condiciones-generales","status":"publish","type":"page","link":"https:\/\/mywaytosicily.com\/es\/condiciones-generales\/","title":{"rendered":"Condiciones generales"},"content":{"rendered":"\n<h2 class=\"wp-block-heading\"><strong>Introducci\u00f3n<\/strong><\/h2>\n\n\n\n<p><strong>Las presentes Condiciones Generales de Compra regulan el uso del sitio web Tourtosicily.com (en adelante \u00absitio web\u00bb) propiedad de Tourtosicily.com bajo la marca MY WAY TO SICILY.<\/strong><\/p>\n\n\n\n<p><strong><br>Estos t\u00e9rminos y condiciones permanecer\u00e1n publicados en el sitio web para que el usuario los reproduzca y conserve como confirmaci\u00f3n del contrato y podr\u00e1n ser modificados en cualquier momento por Tourtosicily.com. La utilizaci\u00f3n por parte del cliente de los servicios de la tienda MY WAY TO SICILY presupone, en todos los casos, la adhesi\u00f3n a las Condiciones Generales de Compra. Es responsabilidad del usuario leerlas peri\u00f3dicamente, ya que se aplicar\u00e1n las vigentes en el momento de la compra. Tourtosicily.com \/\/ MYWAYTOSICILY.COM archivar\u00e1 el documento electr\u00f3nico en el que se formalice la compra y lo mantendr\u00e1 a disposici\u00f3n del usuario en caso de que \u00e9ste lo solicite.<br><br>Los contratos no est\u00e1n sujetos a formalidad alguna, salvo las expresamente previstas en los C\u00f3digos Civil y de Comercio y en \u00e9sta u otras leyes especiales.<\/strong><\/p>\n\n\n\n<p><br>En caso de contradicci\u00f3n entre las disposiciones de la normativa aplicable y las disposiciones de las presentes condiciones generales, se aplicar\u00e1n las disposiciones de la normativa aplicable.<br><br>La aceptaci\u00f3n de este documento implica que el usuario:<\/p>\n\n\n\n<p><br>&#8211; Ha le\u00eddo, entendido y comprendido este documento.<br>&#8211; Es una persona con suficiente poder de negociaci\u00f3n.<br>&#8211; Asume todas las obligaciones establecidas en el presente documento.<br><\/p>\n\n\n\n<p>Estas condiciones ser\u00e1n v\u00e1lidas indefinidamente y se aplicar\u00e1n a todos los contratos celebrados a trav\u00e9s del sitio web.<br>Tourtosicily.com le informa que la tienda es responsable y conocedora de la legislaci\u00f3n vigente en los pa\u00edses a los que env\u00eda productos y se reserva el derecho de modificar unilateralmente las condiciones, sin que ello afecte a los bienes o promociones adquiridos con anterioridad a la modificaci\u00f3n.<\/p>\n\n\n\n<h2 class=\"wp-block-heading\"><br><br>Identidad de las partes contratantes<\/h2>\n\n\n\n<p><br>Por un lado, el proveedor de los productos contratados por el usuario, Tourtosicily.com, M\u00e1laga &#8211; Espa\u00f1a, y por otro, el usuario, registrado o no en el sitio web mediante un nombre de usuario y una contrase\u00f1a, de cuyo uso y custodia es plenamente responsable, respondiendo de la veracidad de los datos personales facilitados a Tourtosicily.com.<\/p>\n\n\n\n<h2 class=\"wp-block-heading\"><br>Objeto del contrato<\/h2>\n\n\n\n<p><br>El presente contrato tiene por objeto regular la relaci\u00f3n contractual de compraventa entre Tourtosicily.com y el usuario en el momento en que \u00e9ste acepta la casilla correspondiente durante el proceso de compra online. La relaci\u00f3n contractual de venta implica la entrega, a cambio de un precio concreto expuesto p\u00fablicamente en el sitio web, de un producto espec\u00edfico.<br><br>Rectificaci\u00f3n de datos<\/p>\n\n\n\n<p><br>Cuando el usuario identifique errores en los datos publicados en el sitio web o en los documentos generados por la relaci\u00f3n contractual, podr\u00e1 notificarlo a Tourtosicily.com por correo electr\u00f3nico para que Tourtosicily.com pueda corregirlos lo antes posible.<br>Los usuarios pueden mantener sus datos actualizados accediendo a su cuenta de usuario.<br><\/p>\n\n\n\n<h2 class=\"wp-block-heading\"><br>Procedimiento de adjudicaci\u00f3n<\/h2>\n\n\n\n<p><br>El usuario, para acceder a los productos o servicios ofrecidos por Tourtosicily. com, deber\u00e1 ser mayor de edad o menor emancipado y deber\u00e1 facilitar libre y voluntariamente los datos personales que le ser\u00e1n solicitados, los cuales ser\u00e1n tratados conforme a lo dispuesto en el Reglamento (UE) 2016\/679, de 27 de abril de 2016 (GDPR), relativo a la protecci\u00f3n de las personas f\u00edsicas en lo que respecta al tratamiento de datos personales y a la libre circulaci\u00f3n de estos datos y en la Ley Org\u00e1nica 3\/2018, de 5 de diciembre (LOPDGDD), relativa a la protecci\u00f3n de datos de car\u00e1cter personal y que se detalla en el Aviso Legal y Pol\u00edtica de Privacidad de este sitio web.<br>El usuario tiene la opci\u00f3n de registrarse a trav\u00e9s del sitio web creando una cuenta de usuario, en cuyo caso seleccionar\u00e1 un nombre de usuario y una contrase\u00f1a.<\/p>\n\n\n\n<p>comprometi\u00e9ndose a hacer un uso diligente de los mismos y a no ponerlos a disposici\u00f3n de terceros, as\u00ed como a comunicar a Tourtosicily.com la p\u00e9rdida o robo de los mismos o del eventual acceso por terceros no autorizados, de manera que se proceda al bloqueo inmediato.<br>Le informamos que, de conformidad con lo exigido en el art\u00edculo 27 de la Ley 34\/2002, de Servicios de la Sociedad de la Informaci\u00f3n y Comercio Electr\u00f3nico (LSSICE), el procedimiento de contrataci\u00f3n seguir\u00e1 los siguientes pasos:<br>1. Proceso de compra.<\/p>\n\n\n\n<p>2. Informaci\u00f3n sobre los productos ofrecidos<br>3. Formas de pago, costes y descuentos.<br>4. Derecho de desistimiento.<br>5. Atenci\u00f3n al cliente.<\/p>\n\n\n\n<p>6 Fuerza mayor.<br>7. Jurisdicci\u00f3n.<br>8. Modificaci\u00f3n de las Condiciones Generales de Compra<br>9. Condiciones generales de la oferta.<br>10. Precio y periodo de validez de la oferta.<br><br>11. Pol\u00edtica de privacidad.<br>12. Ley aplicable y jurisdicci\u00f3n.<\/p>\n\n\n\n<p><\/p>\n\n\n\n<ol class=\"wp-block-list\">\n<li><strong>PROCESO DE COMPRA<\/strong><br>Puede acceder a los art\u00edculos ofrecidos en Tourtosicily.com a trav\u00e9s de sus diferentes secciones. \/\/\/\/\/\/ 2.1- Existen p\u00e1ginas de terceros a las que Tourtosicily.com enlaza por afiliaci\u00f3n, las condiciones y pol\u00edticas del tercero se detallar\u00e1n en dichas p\u00e1ginas, como en el caso de las p\u00e1ginas enlazadas para la venta de aceites de CBD. Todos los usuarios deben cumplir las condiciones generales para la compra de estos art\u00edculos de conformidad con la ley.<br><br><br><\/li>\n\n\n\n<li><strong>Informaci\u00f3n sobre los productos ofrecidos en Tourtosicily.com<\/strong><br>Si le interesa un producto o servicio, puede hacer clic en \u00e9l y acceder a la descripci\u00f3n del producto y sus caracter\u00edsticas.<br>La compra de servicios se realiza a trav\u00e9s de los formularios de cada servicio o producto.<br><br>En las horas siguientes My Way To Sicily se pondr\u00e1 en contacto con el usuario para establecer el itinerario, el precio total del servicio o servicios seleccionados.<br><br>En esta fase se le pedir\u00e1 que<br><br>-Informaci\u00f3n de contacto, incluido el n\u00famero de tel\u00e9fono.<br><br>Durante todo el proceso de formalizaci\u00f3n del pedido, podr\u00e1 ver el precio total de su pedido, incluidos el IVA, los gastos de env\u00edo y cualquier coste adicional en un men\u00fa desplegable situado en la parte superior de la pantalla.<br><br>Asimismo, una vez le\u00eddas las condiciones, si est\u00e1 de acuerdo con ellas, puede proceder a aceptarlas marcando la casilla correspondiente y pulsando el bot\u00f3n correspondiente que se le enviar\u00e1 para realizar el pedido y efectuar el pago.<br><br>Pedidos (solicitudes de servicio)<br>Toda la informaci\u00f3n sobre el itinerario se le enviar\u00e1 antes del pago.<br><\/li>\n<\/ol>\n\n\n\n<ol class=\"wp-block-list\" start=\"3\">\n<li><strong>FORMAS DE PAGO<br><br>Tourtosicily.com \/\/ MY WAY TO SICILY es responsable de las transacciones econ\u00f3micas y ofrece las siguientes formas de pagar un pedido:<br><br>&#8211; Tarjeta de cr\u00e9dito:<br>S\u00f3lo se puede pagar con tarjetas de cr\u00e9dito Visa, MasterCard y Mastercard.<br><br>Si elige esta forma de pago, garantiza la plena autorizaci\u00f3n del uso de su tarjeta en el proceso de compra.<br><br>El cargo en la tarjeta se realizar\u00e1 en tiempo real a trav\u00e9s del TPV virtual de PAYPAL, una vez comprobada la exactitud de sus datos.<br><br>No almacenamos datos de tarjetas<\/strong><br><br>Cuando se tramite el pedido, los datos de la tarjeta se transmitir\u00e1n de forma encriptada y absolutamente segura con el \u00fanico fin de realizar el pago a la entidad financiera del importe correspondiente al pedido realizado.<br><br><br>&#8211; PayPal:<br>Si tiene una cuenta PayPal o utiliza su tarjeta, puede utilizar esta forma de pago.<br><br>Asimismo, si realiza el pago a trav\u00e9s de este sistema, confirma que est\u00e1 plenamente autorizado a utilizar su cuenta PayPal.<br><br><strong>Pago por transferencia bancaria:<br>El importe de la compra debe abonarse en la cuenta especificada en el pedido.<br>IBAN: ? \/\/ SWIF: ?<br>debe indicar su nombre o n\u00famero de pedido para ser identificado;<br>Si la transferencia se realiza desde el mismo banco, es inmediata; tenga en cuenta que de un banco a otro, las transferencias bancarias tardan 24 horas. Confirmada, la reserva es definitiva.<\/strong><\/li>\n\n\n\n<li><\/li>\n\n\n\n<li>DERECHO DE DESISTIMIENTO <strong>o derecho de cancelaci\u00f3n<\/strong>, El derecho de desistimiento es el derecho a solicitar el reembolso de cualquier reserva efectuada.<\/li>\n<\/ol>\n\n\n\n<p>Las solicitudes de cancelaci\u00f3n o modificaci\u00f3n deben enviarse por correo electr\u00f3nico a info@tourtosicily.com para que tengamos constancia por escrito de la fecha y hora de la solicitud.<br \/><br \/>&#8211; Cancelaci\u00f3n m\u00e1s de 72 horas antes de la actividad: sin gastos. Se reembolsar\u00e1 al cliente el importe total abonado.<br \/><br \/>&#8211; Cancelaci\u00f3n menos de 72 horas antes de la actividad o no presentaci\u00f3n: 100% del importe total abonado. No se reembolsar\u00e1 el importe abonado.<br \/><br \/>Para ejercer el derecho de desistimiento, el usuario deber\u00e1 notificar a Tourtosicily.com o por correo electr\u00f3nico a info@Tourtosicily.com su decisi\u00f3n de desistir del contrato mediante una declaraci\u00f3n inequ\u00edvoca de voluntad.<br \/><br \/><br \/>A la atenci\u00f3n de Tourtosicily.com . A trav\u00e9s del n\u00famero de tel\u00e9fono del servicio de atenci\u00f3n al cliente de TLF: 0039 3515727069 Por la presente notifico que desisto del contrato de reserva de los siguientes servicios:<\/p>\n\n\n\n<p><\/p>\n\n\n\n<p><strong>5- ATENCI\u00d3N AL CLIENTE<\/strong><br><br>Si tiene alguna duda, sugerencia, pregunta o queja sobre la tienda online, puede ponerse en contacto con el Servicio de Atenci\u00f3n al Cliente por uno de los siguientes medios:<br><br><strong>&#8211; Tel\u00e9fono &#8211; 0039 3515727069<br>&#8211; Correo electr\u00f3nico info@Tourtosicily.com<\/strong><br><br>El Servicio de Atenci\u00f3n al Cliente de Tourtosicily.com responder\u00e1 a la reclamaci\u00f3n lo antes posible y, en cualquier caso, en un plazo de 10 d\u00edas laborables. En caso de que la reclamaci\u00f3n no se resuelva satisfactoriamente, ser\u00e1 posible acudir a los tribunales ordinarios o presentar una denuncia a trav\u00e9s del sitio web http:\/\/ec.europa.eu\/odr, que ofrecer\u00e1 un \u00fanico punto de acceso para la resoluci\u00f3n extrajudicial gratuita.<\/p>\n\n\n\n<p><strong>6. FUERZA MAYOR<\/strong><br><br>La ejecuci\u00f3n por Tourtosicily.com de la totalidad o parte de sus obligaciones se suspender\u00e1 en caso de fuerza mayor que impida o retrase la ejecuci\u00f3n. En particular, y sin que esta lista sea exhaustiva, se consideran como tales: guerra, pandemia, mot\u00edn, disturbios sociales, huelgas de cualquier tipo y problemas de suministro no imputables a Tourtosicily.com. Tourtosicily.com informar\u00e1 al cliente de dicho caso fortuito o de fuerza mayor en los siete d\u00edas siguientes a su ocurrencia. Si esta suspensi\u00f3n se prolonga m\u00e1s all\u00e1 de un plazo de quince d\u00edas, el Cliente tendr\u00e1 entonces la opci\u00f3n de anular el pedido en curso y proceder\u00e1 entonces a su reembolso en las condiciones previstas en el apartado 7 de las presentes Condiciones Generales de Compra o en aquellas otras que, en su caso, establezca la normativa aplicable.<\/p>\n\n\n\n<p><strong>8. COMPETENCIA<\/strong><br><br>El usuario no podr\u00e1 ceder, transferir o transmitir los derechos, responsabilidades y obligaciones contra\u00eddos en la venta. En caso de que cualquier disposici\u00f3n de estas condiciones se considere inv\u00e1lida o inaplicable, la validez, legalidad y aplicabilidad de las restantes disposiciones no se ver\u00e1n afectadas ni alteradas en modo alguno. El usuario declara haber le\u00eddo, conocer y aceptar \u00edntegramente las presentes condiciones.<\/p>\n\n\n\n<p><strong>9. MODIFICACI\u00d3N DE LAS CONDICIONES GENERALES DE SERVICIO<\/strong><br><br>Tourtosicily.com se reserva el derecho de modificar las presentes Condiciones Generales de Compra en cualquier momento. Ning\u00fan cambio afectar\u00e1 a los pedidos ya en curso.<\/p>\n\n\n\n<p><strong>10. CONDICIONES GENERALES DE SERVICIO<\/strong><br><br>Todas las ventas y entregas realizadas por Tourtosicily.com est\u00e1n sujetas a los presentes T\u00e9rminos y Condiciones. Ninguna modificaci\u00f3n, alteraci\u00f3n o pacto contrario a la Propuesta Comercial de Tourtosicily.com o a lo aqu\u00ed dispuesto ser\u00e1 efectivo salvo pacto expreso por escrito y firmado por Tourtosicily.com, en cuyo caso prevalecer\u00e1n estos pactos particulares.<\/p>\n\n\n\n<p><strong>11. PRECIO Y PERIODO DE VALIDEZ DE LAS OFERTAS Y SERVICIOS.<\/strong><br><br>Los precios indicados para cada producto o servicio incluyen el Impuesto sobre el Valor A\u00f1adido u otros impuestos que puedan ser aplicables.<br><br>Los precios aplicables a cada producto son los publicados en el sitio web y est\u00e1n expresados en la moneda EURO.<br><br><br>Todos los pagos efectuados a Tourtosicily.com conllevan la emisi\u00f3n de un recibo a nombre del usuario registrado o de la raz\u00f3n social comunicada en el momento de la reserva. Al aceptar estas condiciones, consiente expresamente la emisi\u00f3n de la factura en formato electr\u00f3nico. Es posible revocar este consentimiento enviando un correo electr\u00f3nico a tal efecto, solicitando la remisi\u00f3n de la factura en papel<br><br><br>Para cualquier informaci\u00f3n sobre la reserva, p\u00f3ngase en contacto con el tel\u00e9fono de atenci\u00f3n al cliente : &#8211; Tlf: 0039 3515727069<br>&#8211; Correo electr\u00f3nico info@Tourtosicily.com<br><br><strong>12. POL\u00cdTICA DE PRIVACIDAD.<\/strong>   <br><br>Puede consultar informaci\u00f3n detallada en nuestra Pol\u00edtica de Protecci\u00f3n de Datos. (https:\/\/tourtosicily.com\/politica-de-privacidad\/ )<\/p>\n\n\n\n<p><\/p>\n\n\n\n<p><strong>12. LEY APLICABLE Y JURISDICCI\u00d3N<\/strong><br><br>Las presentes condiciones se regir\u00e1n o interpretar\u00e1n de conformidad con <strong>la legislaci\u00f3n italiana <\/strong>en todo lo que no est\u00e9 expresamente previsto en las mismas. Cualquier controversia que pudiera derivarse de la prestaci\u00f3n de los productos o servicios objeto de estas Condiciones ser\u00e1 sometida a los Juzgados y Tribunales del domicilio del usuario, en el lugar del cumplimiento de la obligaci\u00f3n<\/p>\n\n\n\n<p><\/p>\n","protected":false},"excerpt":{"rendered":"<p>Introducci\u00f3n Las presentes Condiciones Generales de Compra regulan el uso del sitio web Tourtosicily.com (en adelante \u00absitio web\u00bb) propiedad de Tourtosicily.com bajo la marca MY WAY TO SICILY. Estos t\u00e9rminos y condiciones permanecer\u00e1n publicados en el sitio web para que el usuario los reproduzca y conserve como confirmaci\u00f3n del contrato y podr\u00e1n ser modificados en [&hellip;]<\/p>\n","protected":false},"author":1,"featured_media":0,"parent":0,"menu_order":0,"comment_status":"closed","ping_status":"closed","template":"","meta":{"_et_pb_use_builder":"","_et_pb_old_content":"","_et_gb_content_width":"","_monsterinsights_skip_tracking":false,"_monsterinsights_sitenote_active":false,"_monsterinsights_sitenote_note":"","_monsterinsights_sitenote_category":0,"jetpack_post_was_ever_published":true,"_joinchat":[],"footnotes":""},"class_list":["post-3989","page","type-page","status-publish","hentry"],"yoast_head":"<!-- This site is optimized with the Yoast SEO plugin v27.4 - https:\/\/yoast.com\/product\/yoast-seo-wordpress\/ -->\n<title>Condiciones generales - Mywaytosicily.com<\/title>\n<meta name=\"robots\" content=\"index, follow, max-snippet:-1, max-image-preview:large, max-video-preview:-1\" \/>\n<link rel=\"canonical\" href=\"https:\/\/mywaytosicily.com\/es\/condiciones-generales\/\" \/>\n<meta property=\"og:locale\" content=\"es_ES\" \/>\n<meta property=\"og:type\" content=\"article\" \/>\n<meta property=\"og:title\" content=\"Condiciones generales - Mywaytosicily.com\" \/>\n<meta property=\"og:description\" content=\"Introducci\u00f3n Las presentes Condiciones Generales de Compra regulan el uso del sitio web Tourtosicily.com (en adelante \u00absitio web\u00bb) propiedad de Tourtosicily.com bajo la marca MY WAY TO SICILY. Estos t\u00e9rminos y condiciones permanecer\u00e1n publicados en el sitio web para que el usuario los reproduzca y conserve como confirmaci\u00f3n del contrato y podr\u00e1n ser modificados en [&hellip;]\" \/>\n<meta property=\"og:url\" content=\"https:\/\/mywaytosicily.com\/es\/condiciones-generales\/\" \/>\n<meta property=\"og:site_name\" content=\"Mywaytosicily.com\" \/>\n<meta property=\"article:publisher\" content=\"https:\/\/www.facebook.com\/profile.php?id=100090741942876\" \/>\n<meta property=\"article:modified_time\" content=\"2023-03-06T17:12:53+00:00\" \/>\n<meta property=\"og:image\" content=\"https:\/\/i0.wp.com\/mywaytosicily.com\/wp-content\/uploads\/2023\/03\/Mywaytosicily-SEO.jpg?fit=1200%2C675&ssl=1\" \/>\n\t<meta property=\"og:image:width\" content=\"1200\" \/>\n\t<meta property=\"og:image:height\" content=\"675\" \/>\n\t<meta property=\"og:image:type\" content=\"image\/jpeg\" \/>\n<meta name=\"twitter:card\" content=\"summary_large_image\" \/>\n<meta name=\"twitter:label1\" content=\"Tiempo de lectura\" \/>\n\t<meta name=\"twitter:data1\" content=\"11 minutos\" \/>\n<script type=\"application\/ld+json\" class=\"yoast-schema-graph\">{\"@context\":\"https:\\\/\\\/schema.org\",\"@graph\":[{\"@type\":\"WebPage\",\"@id\":\"https:\\\/\\\/mywaytosicily.com\\\/es\\\/condiciones-generales\\\/\",\"url\":\"https:\\\/\\\/mywaytosicily.com\\\/es\\\/condiciones-generales\\\/\",\"name\":\"Condiciones generales - Mywaytosicily.com\",\"isPartOf\":{\"@id\":\"https:\\\/\\\/mywaytosicily.com\\\/es\\\/#website\"},\"datePublished\":\"2023-01-08T22:26:57+00:00\",\"dateModified\":\"2023-03-06T17:12:53+00:00\",\"breadcrumb\":{\"@id\":\"https:\\\/\\\/mywaytosicily.com\\\/es\\\/condiciones-generales\\\/#breadcrumb\"},\"inLanguage\":\"es\",\"potentialAction\":[{\"@type\":\"ReadAction\",\"target\":[\"https:\\\/\\\/mywaytosicily.com\\\/es\\\/condiciones-generales\\\/\"]}]},{\"@type\":\"BreadcrumbList\",\"@id\":\"https:\\\/\\\/mywaytosicily.com\\\/es\\\/condiciones-generales\\\/#breadcrumb\",\"itemListElement\":[{\"@type\":\"ListItem\",\"position\":1,\"name\":\"Portada\",\"item\":\"https:\\\/\\\/mywaytosicily.com\\\/es\\\/\"},{\"@type\":\"ListItem\",\"position\":2,\"name\":\"Condiciones generales\"}]},{\"@type\":\"WebSite\",\"@id\":\"https:\\\/\\\/mywaytosicily.com\\\/es\\\/#website\",\"url\":\"https:\\\/\\\/mywaytosicily.com\\\/es\\\/\",\"name\":\"My Way To Sicily\",\"description\":\"My Way Transfer and tours in Sicily\",\"publisher\":{\"@id\":\"https:\\\/\\\/mywaytosicily.com\\\/es\\\/#organization\"},\"alternateName\":\"Mywaytosicily.com\",\"potentialAction\":[{\"@type\":\"SearchAction\",\"target\":{\"@type\":\"EntryPoint\",\"urlTemplate\":\"https:\\\/\\\/mywaytosicily.com\\\/es\\\/?s={search_term_string}\"},\"query-input\":{\"@type\":\"PropertyValueSpecification\",\"valueRequired\":true,\"valueName\":\"search_term_string\"}}],\"inLanguage\":\"es\"},{\"@type\":\"Organization\",\"@id\":\"https:\\\/\\\/mywaytosicily.com\\\/es\\\/#organization\",\"name\":\"My Way To Sicily\",\"url\":\"https:\\\/\\\/mywaytosicily.com\\\/es\\\/\",\"logo\":{\"@type\":\"ImageObject\",\"inLanguage\":\"es\",\"@id\":\"https:\\\/\\\/mywaytosicily.com\\\/es\\\/#\\\/schema\\\/logo\\\/image\\\/\",\"url\":\"\",\"contentUrl\":\"\",\"caption\":\"My Way To Sicily\"},\"image\":{\"@id\":\"https:\\\/\\\/mywaytosicily.com\\\/es\\\/#\\\/schema\\\/logo\\\/image\\\/\"},\"sameAs\":[\"https:\\\/\\\/www.facebook.com\\\/profile.php?id=100090741942876\",\"https:\\\/\\\/www.instagram.com\\\/mywaycatania\\\/?igshid=YmMyMTA2M2Y\"]}]}<\/script>\n<!-- \/ Yoast SEO plugin. -->","yoast_head_json":{"title":"Condiciones generales - Mywaytosicily.com","robots":{"index":"index","follow":"follow","max-snippet":"max-snippet:-1","max-image-preview":"max-image-preview:large","max-video-preview":"max-video-preview:-1"},"canonical":"https:\/\/mywaytosicily.com\/es\/condiciones-generales\/","og_locale":"es_ES","og_type":"article","og_title":"Condiciones generales - Mywaytosicily.com","og_description":"Introducci\u00f3n Las presentes Condiciones Generales de Compra regulan el uso del sitio web Tourtosicily.com (en adelante \u00absitio web\u00bb) propiedad de Tourtosicily.com bajo la marca MY WAY TO SICILY. Estos t\u00e9rminos y condiciones permanecer\u00e1n publicados en el sitio web para que el usuario los reproduzca y conserve como confirmaci\u00f3n del contrato y podr\u00e1n ser modificados en [&hellip;]","og_url":"https:\/\/mywaytosicily.com\/es\/condiciones-generales\/","og_site_name":"Mywaytosicily.com","article_publisher":"https:\/\/www.facebook.com\/profile.php?id=100090741942876","article_modified_time":"2023-03-06T17:12:53+00:00","og_image":[{"width":1200,"height":675,"url":"https:\/\/i0.wp.com\/mywaytosicily.com\/wp-content\/uploads\/2023\/03\/Mywaytosicily-SEO.jpg?fit=1200%2C675&ssl=1","type":"image\/jpeg"}],"twitter_card":"summary_large_image","twitter_misc":{"Tiempo de lectura":"11 minutos"},"schema":{"@context":"https:\/\/schema.org","@graph":[{"@type":"WebPage","@id":"https:\/\/mywaytosicily.com\/es\/condiciones-generales\/","url":"https:\/\/mywaytosicily.com\/es\/condiciones-generales\/","name":"Condiciones generales - Mywaytosicily.com","isPartOf":{"@id":"https:\/\/mywaytosicily.com\/es\/#website"},"datePublished":"2023-01-08T22:26:57+00:00","dateModified":"2023-03-06T17:12:53+00:00","breadcrumb":{"@id":"https:\/\/mywaytosicily.com\/es\/condiciones-generales\/#breadcrumb"},"inLanguage":"es","potentialAction":[{"@type":"ReadAction","target":["https:\/\/mywaytosicily.com\/es\/condiciones-generales\/"]}]},{"@type":"BreadcrumbList","@id":"https:\/\/mywaytosicily.com\/es\/condiciones-generales\/#breadcrumb","itemListElement":[{"@type":"ListItem","position":1,"name":"Portada","item":"https:\/\/mywaytosicily.com\/es\/"},{"@type":"ListItem","position":2,"name":"Condiciones generales"}]},{"@type":"WebSite","@id":"https:\/\/mywaytosicily.com\/es\/#website","url":"https:\/\/mywaytosicily.com\/es\/","name":"My Way To Sicily","description":"My Way Transfer and tours in Sicily","publisher":{"@id":"https:\/\/mywaytosicily.com\/es\/#organization"},"alternateName":"Mywaytosicily.com","potentialAction":[{"@type":"SearchAction","target":{"@type":"EntryPoint","urlTemplate":"https:\/\/mywaytosicily.com\/es\/?s={search_term_string}"},"query-input":{"@type":"PropertyValueSpecification","valueRequired":true,"valueName":"search_term_string"}}],"inLanguage":"es"},{"@type":"Organization","@id":"https:\/\/mywaytosicily.com\/es\/#organization","name":"My Way To Sicily","url":"https:\/\/mywaytosicily.com\/es\/","logo":{"@type":"ImageObject","inLanguage":"es","@id":"https:\/\/mywaytosicily.com\/es\/#\/schema\/logo\/image\/","url":"","contentUrl":"","caption":"My Way To Sicily"},"image":{"@id":"https:\/\/mywaytosicily.com\/es\/#\/schema\/logo\/image\/"},"sameAs":["https:\/\/www.facebook.com\/profile.php?id=100090741942876","https:\/\/www.instagram.com\/mywaycatania\/?igshid=YmMyMTA2M2Y"]}]}},"jetpack_sharing_enabled":true,"jetpack_shortlink":"https:\/\/wp.me\/Pex98D-12l","jetpack_likes_enabled":false,"_links":{"self":[{"href":"https:\/\/mywaytosicily.com\/es\/wp-json\/wp\/v2\/pages\/3989","targetHints":{"allow":["GET"]}}],"collection":[{"href":"https:\/\/mywaytosicily.com\/es\/wp-json\/wp\/v2\/pages"}],"about":[{"href":"https:\/\/mywaytosicily.com\/es\/wp-json\/wp\/v2\/types\/page"}],"author":[{"embeddable":true,"href":"https:\/\/mywaytosicily.com\/es\/wp-json\/wp\/v2\/users\/1"}],"replies":[{"embeddable":true,"href":"https:\/\/mywaytosicily.com\/es\/wp-json\/wp\/v2\/comments?post=3989"}],"version-history":[{"count":4,"href":"https:\/\/mywaytosicily.com\/es\/wp-json\/wp\/v2\/pages\/3989\/revisions"}],"predecessor-version":[{"id":4139,"href":"https:\/\/mywaytosicily.com\/es\/wp-json\/wp\/v2\/pages\/3989\/revisions\/4139"}],"wp:attachment":[{"href":"https:\/\/mywaytosicily.com\/es\/wp-json\/wp\/v2\/media?parent=3989"}],"curies":[{"name":"wp","href":"https:\/\/api.w.org\/{rel}","templated":true}]}}