{"id":3922,"date":"2019-06-23T15:41:38","date_gmt":"2019-06-23T13:41:38","guid":{"rendered":"https:\/\/tourtosicily.com\/politica-de-cookies\/"},"modified":"2023-03-06T13:39:56","modified_gmt":"2023-03-06T12:39:56","slug":"politica-de-cookies","status":"publish","type":"page","link":"https:\/\/mywaytosicily.com\/es\/politica-de-cookies\/","title":{"rendered":"<strong>Pol\u00edtica de cookies<\/strong>"},"content":{"rendered":"\n<h2 class=\"wp-block-heading\">Esta Pol\u00edtica de Cookies forma parte integrante de la Pol\u00edtica de Privacidad anterior.<\/h2>\n\n\n\n<p>El usuario puede expresar su consentimiento al uso de cookies al continuar navegando por los Sitios, es decir, desplaz\u00e1ndose, haciendo clic en uno de los enlaces internos de las p\u00e1ginas de los Sitios, o haciendo clic en el bot\u00f3n \u00abx\u00bb o cerrando de otro modo el breve banner informativo visible en cada primer acceso en los Sitios, seg\u00fan lo dispuesto en la disposici\u00f3n de la Garante per la protezione dei dati personali (n.\u00ba 229 de 8 de mayo de 2014).<\/p>\n\n\n\n<p><strong>Las cookies consisten en porciones de c\u00f3digo <\/strong>(archivos inform\u00e1ticos o datos parciales) enviadas por un servidor al navegador de Internet del usuario, almacenadas autom\u00e1ticamente en el ordenador del usuario por dicho navegador y devueltas autom\u00e1ticamente al servidor cada vez que se produce o se vuelve a producir un acceso al sitio. Normalmente, una cookie contiene el nombre del sitio web del que procede, la duraci\u00f3n de la cookie (es decir, cu\u00e1nto tiempo permanecer\u00e1 en el dispositivo del usuario) y un valor, que suele ser un n\u00famero \u00fanico generado aleatoriamente. En cada visita posterior, las cookies se env\u00edan al sitio web que las origin\u00f3 (cookies de origen) o a otro sitio web que las reconoce (cookies de terceros). Las cookies son \u00fatiles porque permiten que un sitio web reconozca el dispositivo del usuario y tienen diversas finalidades, como permitir una navegaci\u00f3n eficaz entre p\u00e1ginas, recordar los sitios favoritos y, en general, mejorar la experiencia de navegaci\u00f3n. Tambi\u00e9n ayudan a garantizar que el contenido publicitario que se muestra en l\u00ednea est\u00e9 mejor orientado a un usuario y a sus intereses.<\/p>\n\n\n\n<p>Si decide desactivar las cookies, esto puede afectar y\/o limitar su experiencia de navegaci\u00f3n dentro de los Sitios, por ejemplo, es posible que no pueda visitar ciertas secciones de un Sitio o que no reciba informaci\u00f3n personalizada cuando visite los Sitios: <\/p>\n\n\n\n<h2 class=\"wp-block-heading\">tourtosicily.com <\/h2>\n\n\n\n<h2 class=\"wp-block-heading\">mywaytosicily.com<\/h2>\n\n\n\n<p>El modo de funcionamiento, as\u00ed como las opciones para restringir o bloquear las cookies, pueden ajustarse modificando la configuraci\u00f3n de su navegador de Internet. La mayor\u00eda de los navegadores de Internet est\u00e1n configurados inicialmente para aceptar cookies de forma autom\u00e1tica, pero el usuario puede cambiar esta configuraci\u00f3n para bloquear las cookies o para que se le notifique cada vez que se env\u00eden cookies a su dispositivo. Existen varias formas de gestionar las cookies, para lo cual debe consultar la pantalla de ayuda de su navegador para ver c\u00f3mo ajustar o cambiar la configuraci\u00f3n del mismo. El usuario tiene la posibilidad de cambiar la configuraci\u00f3n por defecto y desactivar las cookies (es decir, bloquearlas permanentemente) estableciendo el nivel m\u00e1s alto de protecci\u00f3n.<\/p>\n\n\n\n<p>A continuaci\u00f3n se muestra la ruta a seguir para gestionar las cookies de los siguientes navegadores:<\/p>\n\n\n\n<p>Cromo: Enlace<\/p>\n\n\n\n<p>Edge: Enlace<\/p>\n\n\n\n<p>Internet Explorer: Enlaces<\/p>\n\n\n\n<p>Safari: Enlaces<\/p>\n\n\n\n<p>Firefox: Enlace<\/p>\n\n\n\n<p>Si utiliza diferentes dispositivos para ver y acceder a los Sitios (por ejemplo, ordenador, smartphone, tableta, etc.), debe asegurarse de que cada navegador de cada dispositivo est\u00e1 ajustado para reflejar sus preferencias de cookies. Para eliminar las cookies del navegador de Internet de su smartphone\/tableta, consulte el manual de usuario de su dispositivo.<\/p>\n\n\n\n<p>Los Sitios utilizan diferentes tipos de cookies, cada uno de los cuales tiene una funci\u00f3n espec\u00edfica. El sitio utiliza cookies para facilitar la navegaci\u00f3n y adaptar mejor tanto las p\u00e1ginas cargadas como sus productos a los intereses y necesidades de los usuarios. Las cookies tambi\u00e9n pueden utilizarse para acelerar futuras experiencias y actividades del usuario en el sitio. Adem\u00e1s, las cookies se utilizan para recopilar estad\u00edsticas agregadas an\u00f3nimas con el fin de comprender c\u00f3mo utilizan el sitio los usuarios y mejorar la estructura y el contenido de los Sitios.<\/p>\n\n\n\n<p>A continuaci\u00f3n figura una lista explicativa.<\/p>\n\n\n\n<h2 class=\"wp-block-heading\"><strong>Cookies t\u00e9cnicas<\/strong><\/h2>\n\n\n\n<p>Las cookies \u00abt\u00e9cnicas\u00bb son esenciales para el correcto funcionamiento del sitio y permiten a los usuarios navegar por \u00e9l y aprovechar sus caracter\u00edsticas (por ejemplo, permiten memorizar acciones anteriores o guardar la sesi\u00f3n del usuario y\/o realizar otras actividades estrictamente necesarias para que el sitio funcione).<\/p>\n\n\n\n<p>En esta categor\u00eda tambi\u00e9n se incluyen las cookies \u00abanal\u00edticas\u00bb, que ayudan a comprender c\u00f3mo interact\u00faan los usuarios con el sitio proporcionando informaci\u00f3n sobre la \u00faltima p\u00e1gina visitada, el n\u00famero de secciones y p\u00e1ginas visitadas, el tiempo de permanencia en el sitio y cualquier incidencia que haya surgido durante la navegaci\u00f3n, como un mensaje de fallo, y ayudan a comprender cualquier dificultad que encuentre el usuario al utilizar el sitio. Esta informaci\u00f3n puede estar asociada a datos del usuario como la direcci\u00f3n IP, el dominio o el navegador; sin embargo, se analiza junto con informaci\u00f3n de otros usuarios para no identificar a un usuario concreto sobre otro. Estas cookies se recogen y agregan de forma an\u00f3nima y permiten al operador del sitio mejorar la usabilidad del mismo.<\/p>\n\n\n\n<p>Por \u00faltimo, las cookies de \u00abfuncionalidad\u00bb permiten al sitio recordar las elecciones del usuario (por ejemplo, su nombre de usuario) para ofrecerle una navegaci\u00f3n m\u00e1s personalizada y optimizada. Las cookies funcionales no son esenciales para el funcionamiento de los Sitios, pero mejoran la calidad y la experiencia de navegaci\u00f3n. Si no acepta estas cookies, el rendimiento y la funcionalidad del sitio pueden verse reducidos y el acceso al contenido del sitio puede verse restringido.<\/p>\n\n\n\n<h2 class=\"wp-block-heading\"><strong>Cookies de perfiles<\/strong><\/h2>\n\n\n\n<p>Las cookies de \u00absegmentaci\u00f3n\u00bb o \u00abelaboraci\u00f3n de perfiles\u00bb se utilizan para presentar contenidos m\u00e1s adaptados al usuario y a sus intereses. Pueden utilizarse para mostrar anuncios dirigidos, publicar anuncios personalizados seg\u00fan los intereses del usuario o limitar el n\u00famero de veces que un usuario ve un anuncio. Adem\u00e1s, ayudan a medir la eficacia de las campa\u00f1as publicitarias en el sitio; el operador del sitio puede utilizar estas cookies para recordar los sitios que el usuario ha visitado y compartir esta informaci\u00f3n con terceros, incluidas agencias y anunciantes que pueden utilizar sus cookies para recopilar informaci\u00f3n sobre las actividades de los usuarios en el sitio.<\/p>\n\n\n\n<p>Las cookies \u00abpara compartir\u00bb (o de redes sociales) son necesarias para permitirle interactuar con los Sitios a trav\u00e9s de su cuenta social y se utilizan, por ejemplo, para expresar un agradecimiento y compartirlo con sus contactos sociales.<\/p>\n\n\n\n<p>El sitio utiliza o puede utilizar, tambi\u00e9n en combinaci\u00f3n con otros, cookies:<\/p>\n\n\n\n<p>de \u00absesi\u00f3n\u00bb, que se almacenan en el ordenador del usuario por necesidades puramente t\u00e9cnico-funcionales, para la transmisi\u00f3n de identificadores de sesi\u00f3n necesarios para permitir la exploraci\u00f3n segura y eficaz del sitio; se suprimen al final de la \u00absesi\u00f3n\u00bb (de ah\u00ed el nombre) cuando se cierra el navegador;<\/p>\n\n\n\n<p>&#8216;persistentes&#8217; que permanecen almacenadas en el disco duro del ordenador hasta que caducan o son borradas por los usuarios. Mediante las cookies persistentes, los usuarios que acceden a los sitios (o cualquier otro usuario que utilice el mismo ordenador) son reconocidos autom\u00e1ticamente en cada visita. Cookies de terceros<\/p>\n\n\n\n<p>Cuando un usuario utiliza el sitio, pueden almacenarse determinadas cookies que no est\u00e1n controladas por el operador del sitio. Esto ocurre, por ejemplo, si el usuario visita una p\u00e1gina que contiene contenidos de un sitio web de terceros. En consecuencia, el usuario recibir\u00e1 cookies de estos servicios de terceros. En las cookies de terceros, el operador del sitio no tiene control sobre la informaci\u00f3n proporcionada por la cookie y no tiene acceso a esos datos. Esta informaci\u00f3n est\u00e1 totalmente controlada por las terceras empresas, tal y como se describe en sus respectivas pol\u00edticas de privacidad.<\/p>\n\n\n\n<p>La siguiente tabla muestra las cookies de terceros presentes en el sitio. Son responsabilidad directa y exclusiva del gestor tercero y se dividen en las siguientes macro categor\u00edas:<\/p>\n\n\n\n<p>Anal\u00edticas: son cookies utilizadas para recopilar y analizar informaci\u00f3n estad\u00edstica sobre los accesos\/visitas a la web. En algunos casos, combinados con otros datos, como las credenciales introducidas para acceder a zonas restringidas (direcci\u00f3n de correo electr\u00f3nico y contrase\u00f1a), pueden utilizarse para elaborar un perfil del usuario (h\u00e1bitos personales, sitios visitados, contenidos descargados, tipos de interacciones realizadas, etc.).<\/p>\n\n\n\n<p><strong>Widgets:<\/strong> en esta categor\u00eda se incluyen todos aquellos componentes gr\u00e1ficos de la interfaz de usuario de un programa, cuya finalidad es facilitar la interacci\u00f3n del usuario con el propio programa (por ejemplo, las cookies de Facebook, Google+, Twitter, Linkedin, Instagram, etc. son widgets).<\/p>\n\n\n\n<p>Publicidad: Esta categor\u00eda incluye las cookies utilizadas para ofrecer servicios de publicidad dentro de un sitio.<\/p>\n\n\n\n<p>Si no desea recibir cookies de terceros en su dispositivo, puede, a trav\u00e9s de los siguientes enlaces, acceder a la informaci\u00f3n y a los formularios de consentimiento de estos terceros y optar por no recibirlas.<\/p>\n\n\n\n<p>Estas cookies no est\u00e1n controladas directamente por los Sitios, por lo que, para revocar su consentimiento, debe consultar los sitios web de terceros o consultar https:\/\/www.youronlinechoices.com\/it\/ para obtener informaci\u00f3n sobre c\u00f3mo eliminar o gestionar las cookies en funci\u00f3n del navegador que utilice y gestionar sus preferencias sobre las cookies de perfiles de terceros.<\/p>\n","protected":false},"excerpt":{"rendered":"<p>Esta Pol\u00edtica de Cookies forma parte integrante de la Pol\u00edtica de Privacidad anterior. El usuario puede expresar su consentimiento al uso de cookies al continuar navegando por los Sitios, es decir, desplaz\u00e1ndose, haciendo clic en uno de los enlaces internos de las p\u00e1ginas de los Sitios, o haciendo clic en el bot\u00f3n \u00abx\u00bb o cerrando [&hellip;]<\/p>\n","protected":false},"author":1,"featured_media":0,"parent":0,"menu_order":0,"comment_status":"closed","ping_status":"closed","template":"","meta":{"_et_pb_use_builder":"","_et_pb_old_content":"","_et_gb_content_width":"","_monsterinsights_skip_tracking":false,"_monsterinsights_sitenote_active":false,"_monsterinsights_sitenote_note":"","_monsterinsights_sitenote_category":0,"jetpack_post_was_ever_published":true,"_joinchat":[],"footnotes":""},"class_list":["post-3922","page","type-page","status-publish","hentry"],"yoast_head":"<!-- This site is optimized with the Yoast SEO plugin v27.4 - https:\/\/yoast.com\/product\/yoast-seo-wordpress\/ -->\n<title>Pol\u00edtica de cookies - Mywaytosicily.com<\/title>\n<meta name=\"robots\" content=\"index, follow, max-snippet:-1, max-image-preview:large, max-video-preview:-1\" \/>\n<link rel=\"canonical\" href=\"https:\/\/mywaytosicily.com\/es\/politica-de-cookies\/\" \/>\n<meta property=\"og:locale\" content=\"es_ES\" \/>\n<meta property=\"og:type\" content=\"article\" \/>\n<meta property=\"og:title\" content=\"Pol\u00edtica de cookies - Mywaytosicily.com\" \/>\n<meta property=\"og:description\" content=\"Esta Pol\u00edtica de Cookies forma parte integrante de la Pol\u00edtica de Privacidad anterior. El usuario puede expresar su consentimiento al uso de cookies al continuar navegando por los Sitios, es decir, desplaz\u00e1ndose, haciendo clic en uno de los enlaces internos de las p\u00e1ginas de los Sitios, o haciendo clic en el bot\u00f3n \u00abx\u00bb o cerrando [&hellip;]\" \/>\n<meta property=\"og:url\" content=\"https:\/\/mywaytosicily.com\/es\/politica-de-cookies\/\" \/>\n<meta property=\"og:site_name\" content=\"Mywaytosicily.com\" \/>\n<meta property=\"article:publisher\" content=\"https:\/\/www.facebook.com\/profile.php?id=100090741942876\" \/>\n<meta property=\"article:modified_time\" content=\"2023-03-06T12:39:56+00:00\" \/>\n<meta property=\"og:image\" content=\"https:\/\/i0.wp.com\/mywaytosicily.com\/wp-content\/uploads\/2023\/03\/Mywaytosicily-SEO.jpg?fit=1200%2C675&ssl=1\" \/>\n\t<meta property=\"og:image:width\" content=\"1200\" \/>\n\t<meta property=\"og:image:height\" content=\"675\" \/>\n\t<meta property=\"og:image:type\" content=\"image\/jpeg\" \/>\n<meta name=\"twitter:card\" content=\"summary_large_image\" \/>\n<meta name=\"twitter:label1\" content=\"Tiempo de lectura\" \/>\n\t<meta name=\"twitter:data1\" content=\"8 minutos\" \/>\n<script type=\"application\/ld+json\" class=\"yoast-schema-graph\">{\"@context\":\"https:\\\/\\\/schema.org\",\"@graph\":[{\"@type\":\"WebPage\",\"@id\":\"https:\\\/\\\/mywaytosicily.com\\\/es\\\/politica-de-cookies\\\/\",\"url\":\"https:\\\/\\\/mywaytosicily.com\\\/es\\\/politica-de-cookies\\\/\",\"name\":\"Pol\u00edtica de cookies - Mywaytosicily.com\",\"isPartOf\":{\"@id\":\"https:\\\/\\\/mywaytosicily.com\\\/es\\\/#website\"},\"datePublished\":\"2019-06-23T13:41:38+00:00\",\"dateModified\":\"2023-03-06T12:39:56+00:00\",\"breadcrumb\":{\"@id\":\"https:\\\/\\\/mywaytosicily.com\\\/es\\\/politica-de-cookies\\\/#breadcrumb\"},\"inLanguage\":\"es\",\"potentialAction\":[{\"@type\":\"ReadAction\",\"target\":[\"https:\\\/\\\/mywaytosicily.com\\\/es\\\/politica-de-cookies\\\/\"]}]},{\"@type\":\"BreadcrumbList\",\"@id\":\"https:\\\/\\\/mywaytosicily.com\\\/es\\\/politica-de-cookies\\\/#breadcrumb\",\"itemListElement\":[{\"@type\":\"ListItem\",\"position\":1,\"name\":\"Portada\",\"item\":\"https:\\\/\\\/mywaytosicily.com\\\/es\\\/\"},{\"@type\":\"ListItem\",\"position\":2,\"name\":\"Pol\u00edtica de cookies\"}]},{\"@type\":\"WebSite\",\"@id\":\"https:\\\/\\\/mywaytosicily.com\\\/es\\\/#website\",\"url\":\"https:\\\/\\\/mywaytosicily.com\\\/es\\\/\",\"name\":\"My Way To Sicily\",\"description\":\"My Way Transfer and tours in Sicily\",\"publisher\":{\"@id\":\"https:\\\/\\\/mywaytosicily.com\\\/es\\\/#organization\"},\"alternateName\":\"Mywaytosicily.com\",\"potentialAction\":[{\"@type\":\"SearchAction\",\"target\":{\"@type\":\"EntryPoint\",\"urlTemplate\":\"https:\\\/\\\/mywaytosicily.com\\\/es\\\/?s={search_term_string}\"},\"query-input\":{\"@type\":\"PropertyValueSpecification\",\"valueRequired\":true,\"valueName\":\"search_term_string\"}}],\"inLanguage\":\"es\"},{\"@type\":\"Organization\",\"@id\":\"https:\\\/\\\/mywaytosicily.com\\\/es\\\/#organization\",\"name\":\"My Way To Sicily\",\"url\":\"https:\\\/\\\/mywaytosicily.com\\\/es\\\/\",\"logo\":{\"@type\":\"ImageObject\",\"inLanguage\":\"es\",\"@id\":\"https:\\\/\\\/mywaytosicily.com\\\/es\\\/#\\\/schema\\\/logo\\\/image\\\/\",\"url\":\"\",\"contentUrl\":\"\",\"caption\":\"My Way To Sicily\"},\"image\":{\"@id\":\"https:\\\/\\\/mywaytosicily.com\\\/es\\\/#\\\/schema\\\/logo\\\/image\\\/\"},\"sameAs\":[\"https:\\\/\\\/www.facebook.com\\\/profile.php?id=100090741942876\",\"https:\\\/\\\/www.instagram.com\\\/mywaycatania\\\/?igshid=YmMyMTA2M2Y\"]}]}<\/script>\n<!-- \/ Yoast SEO plugin. -->","yoast_head_json":{"title":"Pol\u00edtica de cookies - Mywaytosicily.com","robots":{"index":"index","follow":"follow","max-snippet":"max-snippet:-1","max-image-preview":"max-image-preview:large","max-video-preview":"max-video-preview:-1"},"canonical":"https:\/\/mywaytosicily.com\/es\/politica-de-cookies\/","og_locale":"es_ES","og_type":"article","og_title":"Pol\u00edtica de cookies - Mywaytosicily.com","og_description":"Esta Pol\u00edtica de Cookies forma parte integrante de la Pol\u00edtica de Privacidad anterior. El usuario puede expresar su consentimiento al uso de cookies al continuar navegando por los Sitios, es decir, desplaz\u00e1ndose, haciendo clic en uno de los enlaces internos de las p\u00e1ginas de los Sitios, o haciendo clic en el bot\u00f3n \u00abx\u00bb o cerrando [&hellip;]","og_url":"https:\/\/mywaytosicily.com\/es\/politica-de-cookies\/","og_site_name":"Mywaytosicily.com","article_publisher":"https:\/\/www.facebook.com\/profile.php?id=100090741942876","article_modified_time":"2023-03-06T12:39:56+00:00","og_image":[{"width":1200,"height":675,"url":"https:\/\/i0.wp.com\/mywaytosicily.com\/wp-content\/uploads\/2023\/03\/Mywaytosicily-SEO.jpg?fit=1200%2C675&ssl=1","type":"image\/jpeg"}],"twitter_card":"summary_large_image","twitter_misc":{"Tiempo de lectura":"8 minutos"},"schema":{"@context":"https:\/\/schema.org","@graph":[{"@type":"WebPage","@id":"https:\/\/mywaytosicily.com\/es\/politica-de-cookies\/","url":"https:\/\/mywaytosicily.com\/es\/politica-de-cookies\/","name":"Pol\u00edtica de cookies - Mywaytosicily.com","isPartOf":{"@id":"https:\/\/mywaytosicily.com\/es\/#website"},"datePublished":"2019-06-23T13:41:38+00:00","dateModified":"2023-03-06T12:39:56+00:00","breadcrumb":{"@id":"https:\/\/mywaytosicily.com\/es\/politica-de-cookies\/#breadcrumb"},"inLanguage":"es","potentialAction":[{"@type":"ReadAction","target":["https:\/\/mywaytosicily.com\/es\/politica-de-cookies\/"]}]},{"@type":"BreadcrumbList","@id":"https:\/\/mywaytosicily.com\/es\/politica-de-cookies\/#breadcrumb","itemListElement":[{"@type":"ListItem","position":1,"name":"Portada","item":"https:\/\/mywaytosicily.com\/es\/"},{"@type":"ListItem","position":2,"name":"Pol\u00edtica de cookies"}]},{"@type":"WebSite","@id":"https:\/\/mywaytosicily.com\/es\/#website","url":"https:\/\/mywaytosicily.com\/es\/","name":"My Way To Sicily","description":"My Way Transfer and tours in Sicily","publisher":{"@id":"https:\/\/mywaytosicily.com\/es\/#organization"},"alternateName":"Mywaytosicily.com","potentialAction":[{"@type":"SearchAction","target":{"@type":"EntryPoint","urlTemplate":"https:\/\/mywaytosicily.com\/es\/?s={search_term_string}"},"query-input":{"@type":"PropertyValueSpecification","valueRequired":true,"valueName":"search_term_string"}}],"inLanguage":"es"},{"@type":"Organization","@id":"https:\/\/mywaytosicily.com\/es\/#organization","name":"My Way To Sicily","url":"https:\/\/mywaytosicily.com\/es\/","logo":{"@type":"ImageObject","inLanguage":"es","@id":"https:\/\/mywaytosicily.com\/es\/#\/schema\/logo\/image\/","url":"","contentUrl":"","caption":"My Way To Sicily"},"image":{"@id":"https:\/\/mywaytosicily.com\/es\/#\/schema\/logo\/image\/"},"sameAs":["https:\/\/www.facebook.com\/profile.php?id=100090741942876","https:\/\/www.instagram.com\/mywaycatania\/?igshid=YmMyMTA2M2Y"]}]}},"jetpack_sharing_enabled":true,"jetpack_shortlink":"https:\/\/wp.me\/Pex98D-11g","jetpack_likes_enabled":false,"_links":{"self":[{"href":"https:\/\/mywaytosicily.com\/es\/wp-json\/wp\/v2\/pages\/3922","targetHints":{"allow":["GET"]}}],"collection":[{"href":"https:\/\/mywaytosicily.com\/es\/wp-json\/wp\/v2\/pages"}],"about":[{"href":"https:\/\/mywaytosicily.com\/es\/wp-json\/wp\/v2\/types\/page"}],"author":[{"embeddable":true,"href":"https:\/\/mywaytosicily.com\/es\/wp-json\/wp\/v2\/users\/1"}],"replies":[{"embeddable":true,"href":"https:\/\/mywaytosicily.com\/es\/wp-json\/wp\/v2\/comments?post=3922"}],"version-history":[{"count":3,"href":"https:\/\/mywaytosicily.com\/es\/wp-json\/wp\/v2\/pages\/3922\/revisions"}],"predecessor-version":[{"id":4113,"href":"https:\/\/mywaytosicily.com\/es\/wp-json\/wp\/v2\/pages\/3922\/revisions\/4113"}],"wp:attachment":[{"href":"https:\/\/mywaytosicily.com\/es\/wp-json\/wp\/v2\/media?parent=3922"}],"curies":[{"name":"wp","href":"https:\/\/api.w.org\/{rel}","templated":true}]}}