{"id":3915,"date":"2019-06-23T15:41:38","date_gmt":"2019-06-23T13:41:38","guid":{"rendered":"https:\/\/tourtosicily.com\/politica-de-privacidad\/"},"modified":"2023-03-06T18:39:14","modified_gmt":"2023-03-06T17:39:14","slug":"politica-de-privacidad","status":"publish","type":"page","link":"https:\/\/mywaytosicily.com\/es\/politica-de-privacidad\/","title":{"rendered":"Pol\u00edtica de privacidad"},"content":{"rendered":"\n<p><\/p>\n\n\n\n<h2 class=\"wp-block-heading\"><strong>INFORMACI\u00d3N SOBRE EL TRATAMIENTO DE DATOS PERSONALES<\/strong><\/h2>\n\n\n\n<p>de los usuarios que consultan el sitio web tourtosicily.com( en lo sucesivo, el sitio web), de conformidad con el art\u00edculo 13 del Reglamento (UE) 2016\/679<\/p>\n\n\n\n<p>De conformidad con el Reglamento (UE) 2016\/679 (en lo sucesivo, el \u00abReglamento\u00bb), en esta p\u00e1gina se describe c\u00f3mo se tratan los datos personales de los usuarios que consultan el sitio web.<\/p>\n\n\n\n<p>Esta informaci\u00f3n no se refiere a otros sitios, p\u00e1ginas o servicios en l\u00ednea a los que se pueda acceder a trav\u00e9s de enlaces de hipertexto que puedan publicarse en el sitio pero que remitan a recursos ajenos al dominio, como las herramientas para compartir en redes sociales.<\/p>\n\n\n\n<h2 class=\"wp-block-heading\">CONTROLADOR DE DATOS<\/h2>\n\n\n\n<p>A ra\u00edz de la consulta del sitio mencionado anteriormente, pueden tratarse datos relativos a personas f\u00edsicas identificadas o identificables.  <strong>MYWAYTOSICILY.COM &#8211; TOURTOSICILY.COM<\/strong><\/p>\n\n\n\n<p><strong>Telf.+39 3515727069 <\/strong><\/p>\n\n\n\n<p><strong>correo electr\u00f3nico <\/strong> info@tourtosicily.com  el responsable del tratamiento es<\/p>\n\n\n\n<p><strong> MYWAYTOSICILY.COM \/\/ TOURTOSICILY.COM<\/strong><\/p>\n\n\n\n<p>Dicta,  solo recoge los datos que el usuario facilita voluntariamente a trav\u00e9s del formulario de contacto y los datos de navegaci\u00f3n.<\/p>\n\n\n\n<p>Los datos facilitados voluntariamente por el usuario pueden incluir datos personales como:<\/p>\n\n\n\n<p>nombre;<\/p>\n\n\n\n<p>apellido;<\/p>\n\n\n\n<p>tel\u00e9fono;<\/p>\n\n\n\n<p>direcci\u00f3n de correo electr\u00f3nico;<\/p>\n\n\n\n<p>En cambio, las cookies de sesi\u00f3n (no persistentes) se utilizan estrictamente limitadas a lo necesario para la navegaci\u00f3n segura y eficiente de los sitios. El almacenamiento de las cookies de sesi\u00f3n en los terminales o navegadores queda bajo el control del usuario, mientras que en los servidores, al finalizar las sesiones, la informaci\u00f3n relativa a las cookies queda registrada en los logs de servicio, con un periodo de almacenamiento no superior en ning\u00fan caso a siete d\u00edas, al igual que el resto de datos de navegaci\u00f3n. Consulte la Pol\u00edtica de Cookies que figura a continuaci\u00f3n para obtener m\u00e1s informaci\u00f3n sobre estos datos, que en ning\u00fan caso son tratados por la empresa.<\/p>\n\n\n\n<h2 class=\"wp-block-heading\"><strong>FINALIDAD DEL TRATAMIENTO<\/strong><\/h2>\n\n\n\n<p>Ditta procesa los datos personales que usted ha proporcionado a trav\u00e9s del Sitio en relaci\u00f3n con su uso del Sitio.<\/p>\n\n\n\n<p>En particular, los datos personales podr\u00e1n utilizarse para realizar ofertas comerciales relacionadas con la solicitud de contacto recibida.<\/p>\n\n\n\n<h2 class=\"wp-block-heading\"><strong>ALMACENAMIENTO DE DATOS PERSONALES<\/strong><\/h2>\n\n\n\n<p>Ditta conservar\u00e1 los datos facilitados por el usuario en los plazos exigidos por la legislaci\u00f3n vigente y, en todo caso, durante el tiempo necesario para prestar los servicios solicitados.<\/p>\n\n\n\n<p>En particular, los datos facilitados por el usuario a trav\u00e9s del formulario de contacto no ser\u00e1n transferidos a ninguna base de datos, sino que permanecer\u00e1n almacenados en el servidor de correo de Ditta (residente en los estados miembros de la Comunidad Europea).<\/p>\n\n\n\n<p>En caso de que dichos datos se utilicen para formular presupuestos y\/u ofertas comerciales, estos se almacenar\u00e1n junto con la oferta comercial elaborada en los sistemas inform\u00e1ticos de la Empresa y en la Nube con servidores ubicados en estados miembros de la Comunidad Europea).<\/p>\n\n\n\n<p>Tanto el correo electr\u00f3nico como los archivos de documentos se eliminan normalmente al cabo de 10 a\u00f1os.<\/p>\n\n\n\n<h2 class=\"wp-block-heading\"><strong>SEGURIDAD Y TRANSFERENCIA DE DATOS PERSONALES<\/strong><\/h2>\n\n\n\n<p>La transferencia, el almacenamiento y el tratamiento de los datos de los usuarios que se recogen a trav\u00e9s del Sitio se garantizan mediante medidas t\u00e9cnicas adecuadas. Todos los archivos que contienen datos est\u00e1n protegidos por contrase\u00f1a, y el servidor de archivo de correo electr\u00f3nico y el archivo de documentos en la nube se entregan a trav\u00e9s de una conexi\u00f3n HTTPS cifrada.<\/p>\n\n\n\n<h2 class=\"wp-block-heading\"><strong>TRANSFERENCIA DE DATOS A TERCEROS<\/strong><\/h2>\n\n\n\n<p>Ditta no transfiere los datos personales recogidos a terceros. No obstante, Ditta podr\u00e1 facilitar los datos del usuario a terceros para determinados procesos como, por ejemplo, con la finalidad de asesorar al usuario en campos espec\u00edficos en respuesta a sus solicitudes, o a empresas colaboradoras para el encargo de un trabajo\/servicio subcontratado, o a sus propios consultores para fines de facturaci\u00f3n y contabilidad en caso de que se materialice la relaci\u00f3n comercial. S\u00f3lo en estos casos Ditta podr\u00e1 ceder parte de los datos del usuario a terceros que tratar\u00e1n los datos personales del usuario respetando plenamente la normativa vigente.<\/p>\n\n\n\n<p>Los datos de los usuarios no se transferir\u00e1n fuera de la Uni\u00f3n Europea.<\/p>\n\n\n\n<p>S\u00f3lo se facilitar\u00e1n datos personales a las autoridades competentes si la empresa est\u00e1 obligada a ello por ley.<\/p>\n\n\n\n<h2 class=\"wp-block-heading\"><strong>DERECHOS DE LOS INTERESADOS<\/strong><\/h2>\n\n\n\n<p>Los interesados tienen derecho a obtener de Ditta, en los casos previstos, el acceso y la rectificaci\u00f3n o supresi\u00f3n de sus datos personales, la limitaci\u00f3n de su tratamiento o a oponerse a su tratamiento (art. 15 y siguientes del Reglamento). La solicitud correspondiente a la Autoridad se realiza poni\u00e9ndose en contacto con el Responsable del Tratamiento en las direcciones indicadas en el encabezamiento de este documento bajo el ep\u00edgrafe \u00bb RESPONSABLE DEL TRATAMIENTO \u00ab.<\/p>\n\n\n\n<h2 class=\"wp-block-heading\"><strong>DERECHO DE RECLAMACI\u00d3N<\/strong><\/h2>\n\n\n\n<p>Los interesados que consideren que el tratamiento de los datos personales que les conciernen efectuado a trav\u00e9s de este sitio infringe el Reglamento tienen derecho a presentar una reclamaci\u00f3n ante el Garante, seg\u00fan lo dispuesto en el Art. 77 del propio Reglamento, o a emprender las acciones legales pertinentes (art. 79 del Reglamento).<\/p>\n\n\n\n<p>\u00daltima actualizaci\u00f3n: 25\/05\/2018<\/p>\n","protected":false},"excerpt":{"rendered":"<p>INFORMACI\u00d3N SOBRE EL TRATAMIENTO DE DATOS PERSONALES de los usuarios que consultan el sitio web tourtosicily.com( en lo sucesivo, el sitio web), de conformidad con el art\u00edculo 13 del Reglamento (UE) 2016\/679 De conformidad con el Reglamento (UE) 2016\/679 (en lo sucesivo, el \u00abReglamento\u00bb), en esta p\u00e1gina se describe c\u00f3mo se tratan los datos personales [&hellip;]<\/p>\n","protected":false},"author":1,"featured_media":0,"parent":0,"menu_order":0,"comment_status":"closed","ping_status":"closed","template":"","meta":{"_et_pb_use_builder":"","_et_pb_old_content":"","_et_gb_content_width":"","_monsterinsights_skip_tracking":false,"_monsterinsights_sitenote_active":false,"_monsterinsights_sitenote_note":"","_monsterinsights_sitenote_category":0,"jetpack_post_was_ever_published":true,"_joinchat":[],"footnotes":""},"class_list":["post-3915","page","type-page","status-publish","hentry"],"yoast_head":"<!-- This site is optimized with the Yoast SEO plugin v27.4 - https:\/\/yoast.com\/product\/yoast-seo-wordpress\/ -->\n<title>Pol\u00edtica de privacidad - Mywaytosicily.com<\/title>\n<meta name=\"robots\" content=\"index, follow, max-snippet:-1, max-image-preview:large, max-video-preview:-1\" \/>\n<link rel=\"canonical\" href=\"https:\/\/mywaytosicily.com\/es\/politica-de-privacidad\/\" \/>\n<meta property=\"og:locale\" content=\"es_ES\" \/>\n<meta property=\"og:type\" content=\"article\" \/>\n<meta property=\"og:title\" content=\"Pol\u00edtica de privacidad - Mywaytosicily.com\" \/>\n<meta property=\"og:description\" content=\"INFORMACI\u00d3N SOBRE EL TRATAMIENTO DE DATOS PERSONALES de los usuarios que consultan el sitio web tourtosicily.com( en lo sucesivo, el sitio web), de conformidad con el art\u00edculo 13 del Reglamento (UE) 2016\/679 De conformidad con el Reglamento (UE) 2016\/679 (en lo sucesivo, el \u00abReglamento\u00bb), en esta p\u00e1gina se describe c\u00f3mo se tratan los datos personales [&hellip;]\" \/>\n<meta property=\"og:url\" content=\"https:\/\/mywaytosicily.com\/es\/politica-de-privacidad\/\" \/>\n<meta property=\"og:site_name\" content=\"Mywaytosicily.com\" \/>\n<meta property=\"article:publisher\" content=\"https:\/\/www.facebook.com\/profile.php?id=100090741942876\" \/>\n<meta property=\"article:modified_time\" content=\"2023-03-06T17:39:14+00:00\" \/>\n<meta property=\"og:image\" content=\"https:\/\/i0.wp.com\/mywaytosicily.com\/wp-content\/uploads\/2023\/03\/Mywaytosicily-SEO.jpg?fit=1200%2C675&ssl=1\" \/>\n\t<meta property=\"og:image:width\" content=\"1200\" \/>\n\t<meta property=\"og:image:height\" content=\"675\" \/>\n\t<meta property=\"og:image:type\" content=\"image\/jpeg\" \/>\n<meta name=\"twitter:card\" content=\"summary_large_image\" \/>\n<meta name=\"twitter:label1\" content=\"Tiempo de lectura\" \/>\n\t<meta name=\"twitter:data1\" content=\"4 minutos\" \/>\n<script type=\"application\/ld+json\" class=\"yoast-schema-graph\">{\"@context\":\"https:\\\/\\\/schema.org\",\"@graph\":[{\"@type\":\"WebPage\",\"@id\":\"https:\\\/\\\/mywaytosicily.com\\\/es\\\/politica-de-privacidad\\\/\",\"url\":\"https:\\\/\\\/mywaytosicily.com\\\/es\\\/politica-de-privacidad\\\/\",\"name\":\"Pol\u00edtica de privacidad - Mywaytosicily.com\",\"isPartOf\":{\"@id\":\"https:\\\/\\\/mywaytosicily.com\\\/es\\\/#website\"},\"datePublished\":\"2019-06-23T13:41:38+00:00\",\"dateModified\":\"2023-03-06T17:39:14+00:00\",\"breadcrumb\":{\"@id\":\"https:\\\/\\\/mywaytosicily.com\\\/es\\\/politica-de-privacidad\\\/#breadcrumb\"},\"inLanguage\":\"es\",\"potentialAction\":[{\"@type\":\"ReadAction\",\"target\":[\"https:\\\/\\\/mywaytosicily.com\\\/es\\\/politica-de-privacidad\\\/\"]}]},{\"@type\":\"BreadcrumbList\",\"@id\":\"https:\\\/\\\/mywaytosicily.com\\\/es\\\/politica-de-privacidad\\\/#breadcrumb\",\"itemListElement\":[{\"@type\":\"ListItem\",\"position\":1,\"name\":\"Portada\",\"item\":\"https:\\\/\\\/mywaytosicily.com\\\/es\\\/\"},{\"@type\":\"ListItem\",\"position\":2,\"name\":\"Pol\u00edtica de privacidad\"}]},{\"@type\":\"WebSite\",\"@id\":\"https:\\\/\\\/mywaytosicily.com\\\/es\\\/#website\",\"url\":\"https:\\\/\\\/mywaytosicily.com\\\/es\\\/\",\"name\":\"My Way To Sicily\",\"description\":\"My Way Transfer and tours in Sicily\",\"publisher\":{\"@id\":\"https:\\\/\\\/mywaytosicily.com\\\/es\\\/#organization\"},\"alternateName\":\"Mywaytosicily.com\",\"potentialAction\":[{\"@type\":\"SearchAction\",\"target\":{\"@type\":\"EntryPoint\",\"urlTemplate\":\"https:\\\/\\\/mywaytosicily.com\\\/es\\\/?s={search_term_string}\"},\"query-input\":{\"@type\":\"PropertyValueSpecification\",\"valueRequired\":true,\"valueName\":\"search_term_string\"}}],\"inLanguage\":\"es\"},{\"@type\":\"Organization\",\"@id\":\"https:\\\/\\\/mywaytosicily.com\\\/es\\\/#organization\",\"name\":\"My Way To Sicily\",\"url\":\"https:\\\/\\\/mywaytosicily.com\\\/es\\\/\",\"logo\":{\"@type\":\"ImageObject\",\"inLanguage\":\"es\",\"@id\":\"https:\\\/\\\/mywaytosicily.com\\\/es\\\/#\\\/schema\\\/logo\\\/image\\\/\",\"url\":\"\",\"contentUrl\":\"\",\"caption\":\"My Way To Sicily\"},\"image\":{\"@id\":\"https:\\\/\\\/mywaytosicily.com\\\/es\\\/#\\\/schema\\\/logo\\\/image\\\/\"},\"sameAs\":[\"https:\\\/\\\/www.facebook.com\\\/profile.php?id=100090741942876\",\"https:\\\/\\\/www.instagram.com\\\/mywaycatania\\\/?igshid=YmMyMTA2M2Y\"]}]}<\/script>\n<!-- \/ Yoast SEO plugin. -->","yoast_head_json":{"title":"Pol\u00edtica de privacidad - Mywaytosicily.com","robots":{"index":"index","follow":"follow","max-snippet":"max-snippet:-1","max-image-preview":"max-image-preview:large","max-video-preview":"max-video-preview:-1"},"canonical":"https:\/\/mywaytosicily.com\/es\/politica-de-privacidad\/","og_locale":"es_ES","og_type":"article","og_title":"Pol\u00edtica de privacidad - Mywaytosicily.com","og_description":"INFORMACI\u00d3N SOBRE EL TRATAMIENTO DE DATOS PERSONALES de los usuarios que consultan el sitio web tourtosicily.com( en lo sucesivo, el sitio web), de conformidad con el art\u00edculo 13 del Reglamento (UE) 2016\/679 De conformidad con el Reglamento (UE) 2016\/679 (en lo sucesivo, el \u00abReglamento\u00bb), en esta p\u00e1gina se describe c\u00f3mo se tratan los datos personales [&hellip;]","og_url":"https:\/\/mywaytosicily.com\/es\/politica-de-privacidad\/","og_site_name":"Mywaytosicily.com","article_publisher":"https:\/\/www.facebook.com\/profile.php?id=100090741942876","article_modified_time":"2023-03-06T17:39:14+00:00","og_image":[{"width":1200,"height":675,"url":"https:\/\/i0.wp.com\/mywaytosicily.com\/wp-content\/uploads\/2023\/03\/Mywaytosicily-SEO.jpg?fit=1200%2C675&ssl=1","type":"image\/jpeg"}],"twitter_card":"summary_large_image","twitter_misc":{"Tiempo de lectura":"4 minutos"},"schema":{"@context":"https:\/\/schema.org","@graph":[{"@type":"WebPage","@id":"https:\/\/mywaytosicily.com\/es\/politica-de-privacidad\/","url":"https:\/\/mywaytosicily.com\/es\/politica-de-privacidad\/","name":"Pol\u00edtica de privacidad - Mywaytosicily.com","isPartOf":{"@id":"https:\/\/mywaytosicily.com\/es\/#website"},"datePublished":"2019-06-23T13:41:38+00:00","dateModified":"2023-03-06T17:39:14+00:00","breadcrumb":{"@id":"https:\/\/mywaytosicily.com\/es\/politica-de-privacidad\/#breadcrumb"},"inLanguage":"es","potentialAction":[{"@type":"ReadAction","target":["https:\/\/mywaytosicily.com\/es\/politica-de-privacidad\/"]}]},{"@type":"BreadcrumbList","@id":"https:\/\/mywaytosicily.com\/es\/politica-de-privacidad\/#breadcrumb","itemListElement":[{"@type":"ListItem","position":1,"name":"Portada","item":"https:\/\/mywaytosicily.com\/es\/"},{"@type":"ListItem","position":2,"name":"Pol\u00edtica de privacidad"}]},{"@type":"WebSite","@id":"https:\/\/mywaytosicily.com\/es\/#website","url":"https:\/\/mywaytosicily.com\/es\/","name":"My Way To Sicily","description":"My Way Transfer and tours in Sicily","publisher":{"@id":"https:\/\/mywaytosicily.com\/es\/#organization"},"alternateName":"Mywaytosicily.com","potentialAction":[{"@type":"SearchAction","target":{"@type":"EntryPoint","urlTemplate":"https:\/\/mywaytosicily.com\/es\/?s={search_term_string}"},"query-input":{"@type":"PropertyValueSpecification","valueRequired":true,"valueName":"search_term_string"}}],"inLanguage":"es"},{"@type":"Organization","@id":"https:\/\/mywaytosicily.com\/es\/#organization","name":"My Way To Sicily","url":"https:\/\/mywaytosicily.com\/es\/","logo":{"@type":"ImageObject","inLanguage":"es","@id":"https:\/\/mywaytosicily.com\/es\/#\/schema\/logo\/image\/","url":"","contentUrl":"","caption":"My Way To Sicily"},"image":{"@id":"https:\/\/mywaytosicily.com\/es\/#\/schema\/logo\/image\/"},"sameAs":["https:\/\/www.facebook.com\/profile.php?id=100090741942876","https:\/\/www.instagram.com\/mywaycatania\/?igshid=YmMyMTA2M2Y"]}]}},"jetpack_sharing_enabled":true,"jetpack_shortlink":"https:\/\/wp.me\/Pex98D-119","jetpack_likes_enabled":false,"_links":{"self":[{"href":"https:\/\/mywaytosicily.com\/es\/wp-json\/wp\/v2\/pages\/3915","targetHints":{"allow":["GET"]}}],"collection":[{"href":"https:\/\/mywaytosicily.com\/es\/wp-json\/wp\/v2\/pages"}],"about":[{"href":"https:\/\/mywaytosicily.com\/es\/wp-json\/wp\/v2\/types\/page"}],"author":[{"embeddable":true,"href":"https:\/\/mywaytosicily.com\/es\/wp-json\/wp\/v2\/users\/1"}],"replies":[{"embeddable":true,"href":"https:\/\/mywaytosicily.com\/es\/wp-json\/wp\/v2\/comments?post=3915"}],"version-history":[{"count":3,"href":"https:\/\/mywaytosicily.com\/es\/wp-json\/wp\/v2\/pages\/3915\/revisions"}],"predecessor-version":[{"id":4152,"href":"https:\/\/mywaytosicily.com\/es\/wp-json\/wp\/v2\/pages\/3915\/revisions\/4152"}],"wp:attachment":[{"href":"https:\/\/mywaytosicily.com\/es\/wp-json\/wp\/v2\/media?parent=3915"}],"curies":[{"name":"wp","href":"https:\/\/api.w.org\/{rel}","templated":true}]}}